{"id":59,"date":"2023-10-02T07:12:51","date_gmt":"2023-10-02T07:12:51","guid":{"rendered":"https:\/\/agridataera.org\/?page_id=59"},"modified":"2023-11-17T13:58:07","modified_gmt":"2023-11-17T13:58:07","slug":"el-debate-de-la-ia","status":"publish","type":"page","link":"https:\/\/agridataera.org\/index.php\/el-debate-de-la-ia\/","title":{"rendered":"El Debate de la IA"},"content":{"rendered":"\n<p>En la actualidad parece existir un reconocimiento sobre la necesidad de <a href=\"https:\/\/www.europarl.europa.eu\/news\/en\/headlines\/society\/20230601STO93804\/eu-ai-act-first-regulation-on-artificial-intelligence\" data-type=\"link\" data-id=\"https:\/\/www.europarl.europa.eu\/news\/en\/headlines\/society\/20230601STO93804\/eu-ai-act-first-regulation-on-artificial-intelligence\">regulaci\u00f3n de la Inteligencia Artificial<\/a>. Sin embargo, por la complejidad del problema, no existe acuerdo global sobre la forma de abordarla. <a href=\"https:\/\/www.whitehouse.gov\/briefing-room\/statements-releases\/2023\/10\/30\/g7-leaders-statement-on-the-hiroshima-ai-process\/\" data-type=\"link\" data-id=\"https:\/\/www.whitehouse.gov\/briefing-room\/statements-releases\/2023\/10\/30\/g7-leaders-statement-on-the-hiroshima-ai-process\/\">\u201cEl Proceso de IA de Hiroshima\u201d<\/a>, el primer c\u00f3digo de conducta global de la inteligencia artificial, es un punto de partida. <\/p>\n\n\n\n<p>Entre otras muchas fuentes, la conocida revista econ\u00f3mica <a href=\"https:\/\/forbes.es\/tecnologia\/316482\/estos-son-los-15-mayores-riesgos-de-la-ia\/\" data-type=\"link\" data-id=\"https:\/\/forbes.es\/tecnologia\/316482\/estos-son-los-15-mayores-riesgos-de-la-ia\/\">Forbes relaciona riesgos y desaf\u00edos<\/a> asociados a su adopci\u00f3n generalizada para promover el debate. El mensaje contrasta con discursos del sector tecnol\u00f3gico con el objetivo de acelerar la adopci\u00f3n.<\/p>\n\n\n\n<blockquote class=\"wp-block-quote is-layout-flow wp-block-quote-is-layout-flow\">\n<p>El pr\u00f3ximo evento, a pesar de reconocer la importancia de la discusi\u00f3n, no pretende entrar en argumentar sobre la importancia de debatir o, por el contrario, de acelerar la adopci\u00f3n de la Inteligencia Artificial. Se tratar\u00e1n retos en la Gesti\u00f3n de la Transformaci\u00f3n Digital y de los Datos en dicho contexto, con un foco especial en torno al<strong> &#8220;Dato Agro&#8221;<\/strong>, sin entrar en las posibles alternativas y herramientas de distinto nivel para su gesti\u00f3n. <\/p>\n<\/blockquote>\n\n\n\n<p>Sin embargo,<strong> por el enfoque del alcance del evento y la actualidad del debate, es dif\u00edcil, si no imposible, mantenerse al margen<\/strong> (de ah\u00ed esta secci\u00f3n aclaratoria).<\/p>\n\n\n\n<p class=\"has-text-align-right\"><a href=\"https:\/\/agridataera.org\/index.php\/organizadores\/\" data-type=\"link\" data-id=\"https:\/\/agridataera.org\/index.php\/organizadores\/\">Organizadores<\/a><\/p>\n\n\n\n<p><\/p>\n\n\n\n<p><\/p>\n\n\n\n<p><\/p>\n","protected":false},"excerpt":{"rendered":"<p>En la actualidad parece existir un reconocimiento sobre la necesidad de regulaci\u00f3n de la Inteligencia Artificial. Sin embargo, por la complejidad del problema, no existe acuerdo global sobre la forma de abordarla. \u201cEl Proceso de IA de Hiroshima\u201d, el primer c\u00f3digo de conducta global de la inteligencia artificial, es un punto de partida. Entre otras [&hellip;]<\/p>\n","protected":false},"author":1,"featured_media":0,"parent":0,"menu_order":0,"comment_status":"closed","ping_status":"closed","template":"","meta":{"footnotes":""},"class_list":["post-59","page","type-page","status-publish","hentry","post-preview"],"_links":{"self":[{"href":"https:\/\/agridataera.org\/index.php\/wp-json\/wp\/v2\/pages\/59","targetHints":{"allow":["GET"]}}],"collection":[{"href":"https:\/\/agridataera.org\/index.php\/wp-json\/wp\/v2\/pages"}],"about":[{"href":"https:\/\/agridataera.org\/index.php\/wp-json\/wp\/v2\/types\/page"}],"author":[{"embeddable":true,"href":"https:\/\/agridataera.org\/index.php\/wp-json\/wp\/v2\/users\/1"}],"replies":[{"embeddable":true,"href":"https:\/\/agridataera.org\/index.php\/wp-json\/wp\/v2\/comments?post=59"}],"version-history":[{"count":25,"href":"https:\/\/agridataera.org\/index.php\/wp-json\/wp\/v2\/pages\/59\/revisions"}],"predecessor-version":[{"id":353,"href":"https:\/\/agridataera.org\/index.php\/wp-json\/wp\/v2\/pages\/59\/revisions\/353"}],"wp:attachment":[{"href":"https:\/\/agridataera.org\/index.php\/wp-json\/wp\/v2\/media?parent=59"}],"curies":[{"name":"wp","href":"https:\/\/api.w.org\/{rel}","templated":true}]}}