{"id":42,"date":"2023-10-01T20:04:59","date_gmt":"2023-10-01T20:04:59","guid":{"rendered":"https:\/\/agridataera.org\/?page_id=42"},"modified":"2024-11-03T20:39:26","modified_gmt":"2024-11-03T20:39:26","slug":"liderando-la-transformacion-a-un-mundo-digital-y-sostenible","status":"publish","type":"page","link":"https:\/\/agridataera.org\/","title":{"rendered":"Liderando la Transformaci\u00f3n a un mundo Digital y Sostenible"},"content":{"rendered":"\n<h2 class=\"wp-block-heading\">AgriData Era &amp; Value Chain<\/h2>\n\n\n\n<p><strong>Futuro de la Agricultura Onubense, Datos y Sostenibilidad<\/strong><\/p>\n\n\n<div class=\"wp-block-image\">\n<figure class=\"alignleft size-full is-resized\"><img loading=\"lazy\" decoding=\"async\" width=\"250\" height=\"312\" src=\"http:\/\/agridataera.org\/wp-content\/uploads\/2023\/10\/Lord-Kelvin.png\" alt=\"\" class=\"wp-image-67\" style=\"width:229px;height:286px\" srcset=\"https:\/\/agridataera.org\/wp-content\/uploads\/2023\/10\/Lord-Kelvin.png 250w, https:\/\/agridataera.org\/wp-content\/uploads\/2023\/10\/Lord-Kelvin-240x300.png 240w\" sizes=\"auto, (max-width: 250px) 100vw, 250px\" \/><figcaption class=\"wp-element-caption\">Lord Kelvin<\/figcaption><\/figure>\n<\/div>\n\n\n<blockquote class=\"wp-block-quote is-layout-flow wp-block-quote-is-layout-flow\">\n<p class=\"has-text-align-left\">&#8220;Lo que no se define no se puede medir.  Lo que no se mide no se puede mejorar. Lo que no se mejora se degrada siempre.&#8221;<\/p>\n<cite>William Thomson, Lord Kelvin (1824-1907)<\/cite><\/blockquote>\n\n\n\n<p><\/p>\n\n\n\n<p>Es dif\u00edcil identificar un sector mas <strong>estrechamente vinculado con los Objetivos de Desarrollo Sostenible de las Naciones Unidas<\/strong> que la Agricultura. Este hecho justifica el reconocimiento internacional actual a la <strong>importancia de la Innovaci\u00f3n en el Sector y en su Cadena de Valor para lograr sistemas de Alimentaci\u00f3n Globalmente Sostenibles<\/strong>. <\/p>\n\n\n\n<blockquote class=\"wp-block-quote is-layout-flow wp-block-quote-is-layout-flow\">\n<p>En el caso de la Agricultura, los retos de Sostenibilidad se combinan con los derivados del Cambio Clim\u00e1tico y un aumento paralelo en la poblaci\u00f3n mundial en un contexto econ\u00f3mico de creciente competencia exterior y limitaci\u00f3n de recursos.<\/p>\n<\/blockquote>\n\n\n\n<p>La Transformaci\u00f3n Digital en el sector agr\u00edcola se manifiesta actualmente a trav\u00e9s del uso creciente de tecnolog\u00edas del Internet de las Cosas (IoT) y un abanico cada vez m\u00e1s amplio de sistemas y dispositivos. En paralelo, por el fuerte impacto de la Transformaci\u00f3n Digital en la b\u00fasqueda de nuevas formas de cultivar minimizando el impacto ambiental, algunos de cultivos han llegado a denominarse como <strong>\u201cHigh-Tech\u201d<\/strong>. Durante los \u00faltimos a\u00f1os pueden identificarse eventos atrayendo fuertes inversiones y especialmente dirigidos a una nueva generaci\u00f3n de agricultores.<\/p>\n\n\n\n<p class=\"has-text-align-right\"><a href=\"https:\/\/agridataera.org\/index.php\/la-era-del-dato-agro\/\" data-type=\"link\" data-id=\"https:\/\/agridataera.org\/index.php\/la-era-del-dato-agro\/\">La Era del Dato Agro<\/a><\/p>\n\n\n\n<p class=\"has-text-align-right\"><a href=\"https:\/\/agridataera.org\/index.php\/eventos\/\" data-type=\"page\" data-id=\"369\">Eventos<\/a><\/p>\n\n\n\n<p><\/p>\n","protected":false},"excerpt":{"rendered":"<p>AgriData Era &amp; Value Chain Futuro de la Agricultura Onubense, Datos y Sostenibilidad &#8220;Lo que no se define no se puede medir. Lo que no se mide no se puede mejorar. Lo que no se mejora se degrada siempre.&#8221; William Thomson, Lord Kelvin (1824-1907) Es dif\u00edcil identificar un sector mas estrechamente vinculado con los Objetivos [&hellip;]<\/p>\n","protected":false},"author":1,"featured_media":0,"parent":0,"menu_order":0,"comment_status":"closed","ping_status":"closed","template":"","meta":{"footnotes":""},"class_list":["post-42","page","type-page","status-publish","hentry","post-preview"],"_links":{"self":[{"href":"https:\/\/agridataera.org\/index.php\/wp-json\/wp\/v2\/pages\/42","targetHints":{"allow":["GET"]}}],"collection":[{"href":"https:\/\/agridataera.org\/index.php\/wp-json\/wp\/v2\/pages"}],"about":[{"href":"https:\/\/agridataera.org\/index.php\/wp-json\/wp\/v2\/types\/page"}],"author":[{"embeddable":true,"href":"https:\/\/agridataera.org\/index.php\/wp-json\/wp\/v2\/users\/1"}],"replies":[{"embeddable":true,"href":"https:\/\/agridataera.org\/index.php\/wp-json\/wp\/v2\/comments?post=42"}],"version-history":[{"count":27,"href":"https:\/\/agridataera.org\/index.php\/wp-json\/wp\/v2\/pages\/42\/revisions"}],"predecessor-version":[{"id":404,"href":"https:\/\/agridataera.org\/index.php\/wp-json\/wp\/v2\/pages\/42\/revisions\/404"}],"wp:attachment":[{"href":"https:\/\/agridataera.org\/index.php\/wp-json\/wp\/v2\/media?parent=42"}],"curies":[{"name":"wp","href":"https:\/\/api.w.org\/{rel}","templated":true}]}}