{"id":408,"date":"2024-11-04T18:31:50","date_gmt":"2024-11-04T18:31:50","guid":{"rendered":"https:\/\/agridataera.org\/?page_id=408"},"modified":"2024-11-05T00:43:54","modified_gmt":"2024-11-05T00:43:54","slug":"2021-cambio-climatico-foco-en-la-agricultura","status":"publish","type":"page","link":"https:\/\/agridataera.org\/index.php\/2021-cambio-climatico-foco-en-la-agricultura\/","title":{"rendered":"2021 &#8211; Cambio Clim\u00e1tico. Foco en la Agricultura"},"content":{"rendered":"\n<p>El Responsable del Proyecto sobre el Cambio Clim\u00e1tico del Centro Conjunto de Investigaci\u00f3n (JRC) de la Comisi\u00f3n Europea, D. Juan Carlos Ciscar, present\u00f3  los resultados del proyecto PESETA en las IV Jornadas ScienCity (2021).<\/p>\n\n\n\n<blockquote class=\"wp-block-quote is-layout-flow wp-block-quote-is-layout-flow\">\n<p>El Proyecto PESETA, del JRC de la Comisi\u00f3n Europea, tiene como objetivo la <strong>estimaci\u00f3n del impacto del Cambio Clim\u00e1tico<\/strong> <strong>en Europa<\/strong>. La presentaci\u00f3n se centr\u00f3 en la Agricultura.<\/p>\n<\/blockquote>\n\n\n\n<figure class=\"wp-block-image size-full\"><img loading=\"lazy\" decoding=\"async\" width=\"837\" height=\"417\" src=\"http:\/\/agridataera.org\/wp-content\/uploads\/2024\/11\/Presentacion-Proyecto-Peseta-Portada.jpg\" alt=\"\" class=\"wp-image-416\" srcset=\"https:\/\/agridataera.org\/wp-content\/uploads\/2024\/11\/Presentacion-Proyecto-Peseta-Portada.jpg 837w, https:\/\/agridataera.org\/wp-content\/uploads\/2024\/11\/Presentacion-Proyecto-Peseta-Portada-300x149.jpg 300w, https:\/\/agridataera.org\/wp-content\/uploads\/2024\/11\/Presentacion-Proyecto-Peseta-Portada-768x383.jpg 768w, https:\/\/agridataera.org\/wp-content\/uploads\/2024\/11\/Presentacion-Proyecto-Peseta-Portada-676x337.jpg 676w\" sizes=\"auto, (max-width: 837px) 100vw, 837px\" \/><\/figure>\n\n\n\n<p>La presentaci\u00f3n enfatiz\u00f3 en la necesidad de abordar <strong>medidas de mitigaci\u00f3n (para reducir y limitar las emisiones de efecto invernadero) y de adaptaci\u00f3n al Cambio Clim\u00e1tico para reducir la vulnerabilidad.<\/strong><\/p>\n\n\n\n<p>La mitigaci\u00f3n, por lo tanto,&nbsp;<strong>se ocupa de las causas del cambio clim\u00e1tico<\/strong>, mientras que la <strong>adaptaci\u00f3n aborda sus impactos<\/strong>.<\/p>\n\n\n\n<h2 class=\"wp-block-heading\">\u00bfC\u00f3mo se han obtenido las conclusiones?<\/h2>\n\n\n\n<p>Sobre la <strong>base de datos socioecon\u00f3micos y de cambio de clima<\/strong>, el modelado biof\u00edsico permite obtener el impacto biof\u00edsico en la geograf\u00eda Europea.  Este es la base para la evaluaci\u00f3n del impacto socioecon\u00f3mico.<\/p>\n\n\n\n<figure class=\"wp-block-image size-large\"><img loading=\"lazy\" decoding=\"async\" width=\"1024\" height=\"768\" src=\"http:\/\/agridataera.org\/wp-content\/uploads\/2024\/11\/Basado-en-Datos-Climaticos-Modelos-Biofisicos-Peseta-JRC-1024x768.jpg\" alt=\"\" class=\"wp-image-411\" srcset=\"https:\/\/agridataera.org\/wp-content\/uploads\/2024\/11\/Basado-en-Datos-Climaticos-Modelos-Biofisicos-Peseta-JRC-1024x768.jpg 1024w, https:\/\/agridataera.org\/wp-content\/uploads\/2024\/11\/Basado-en-Datos-Climaticos-Modelos-Biofisicos-Peseta-JRC-300x225.jpg 300w, https:\/\/agridataera.org\/wp-content\/uploads\/2024\/11\/Basado-en-Datos-Climaticos-Modelos-Biofisicos-Peseta-JRC-768x576.jpg 768w, https:\/\/agridataera.org\/wp-content\/uploads\/2024\/11\/Basado-en-Datos-Climaticos-Modelos-Biofisicos-Peseta-JRC-676x507.jpg 676w, https:\/\/agridataera.org\/wp-content\/uploads\/2024\/11\/Basado-en-Datos-Climaticos-Modelos-Biofisicos-Peseta-JRC.jpg 1058w\" sizes=\"auto, (max-width: 1024px) 100vw, 1024px\" \/><\/figure>\n\n\n\n<p>A continuaci\u00f3n se relacionan algunas <strong>\u00e1reas que requieren llevar a cabo medidas de adaptaci\u00f3n<\/strong> para minimizar los da\u00f1os. Los da\u00f1os se estiman para tres escenarios de incremento de temperatura: 1,5\u00ba , 2\u00ba y 3\u00ba comparando, en muchos de los casos, el impacto si se llevan a cabo medidas para minimizar los da\u00f1os con el caso de que no se hiciera nada al respecto.<\/p>\n\n\n\n<h2 class=\"wp-block-heading\">Impacto de un incremento en los per\u00edodos de sequia<\/h2>\n\n\n\n<figure class=\"wp-block-image size-large\"><img loading=\"lazy\" decoding=\"async\" width=\"1024\" height=\"768\" src=\"http:\/\/agridataera.org\/wp-content\/uploads\/2024\/11\/Periodos-de-Sequia-Peseta-JRC-1024x768.jpg\" alt=\"\" class=\"wp-image-415\" srcset=\"https:\/\/agridataera.org\/wp-content\/uploads\/2024\/11\/Periodos-de-Sequia-Peseta-JRC-1024x768.jpg 1024w, https:\/\/agridataera.org\/wp-content\/uploads\/2024\/11\/Periodos-de-Sequia-Peseta-JRC-300x225.jpg 300w, https:\/\/agridataera.org\/wp-content\/uploads\/2024\/11\/Periodos-de-Sequia-Peseta-JRC-768x576.jpg 768w, https:\/\/agridataera.org\/wp-content\/uploads\/2024\/11\/Periodos-de-Sequia-Peseta-JRC-676x507.jpg 676w, https:\/\/agridataera.org\/wp-content\/uploads\/2024\/11\/Periodos-de-Sequia-Peseta-JRC.jpg 1058w\" sizes=\"auto, (max-width: 1024px) 100vw, 1024px\" \/><\/figure>\n\n\n\n<p><\/p>\n\n\n\n<h2 class=\"wp-block-heading\">Impacto de un incremento en las inundaciones<\/h2>\n\n\n\n<figure class=\"wp-block-image size-large\"><img loading=\"lazy\" decoding=\"async\" width=\"1024\" height=\"768\" src=\"http:\/\/agridataera.org\/wp-content\/uploads\/2024\/11\/Inundaciones-Peseta-JRC-1024x768.jpg\" alt=\"\" class=\"wp-image-414\" srcset=\"https:\/\/agridataera.org\/wp-content\/uploads\/2024\/11\/Inundaciones-Peseta-JRC-1024x768.jpg 1024w, https:\/\/agridataera.org\/wp-content\/uploads\/2024\/11\/Inundaciones-Peseta-JRC-300x225.jpg 300w, https:\/\/agridataera.org\/wp-content\/uploads\/2024\/11\/Inundaciones-Peseta-JRC-768x576.jpg 768w, https:\/\/agridataera.org\/wp-content\/uploads\/2024\/11\/Inundaciones-Peseta-JRC-676x507.jpg 676w, https:\/\/agridataera.org\/wp-content\/uploads\/2024\/11\/Inundaciones-Peseta-JRC.jpg 1058w\" sizes=\"auto, (max-width: 1024px) 100vw, 1024px\" \/><\/figure>\n\n\n\n<p><\/p>\n\n\n\n<h2 class=\"wp-block-heading\">Impacto de un mayor n\u00famero de incendios<\/h2>\n\n\n\n<figure class=\"wp-block-image size-large\"><img loading=\"lazy\" decoding=\"async\" width=\"1024\" height=\"768\" src=\"http:\/\/agridataera.org\/wp-content\/uploads\/2024\/11\/Amenaza-en-las-Costas-Peseta-JRC-1024x768.jpg\" alt=\"\" class=\"wp-image-418\" srcset=\"https:\/\/agridataera.org\/wp-content\/uploads\/2024\/11\/Amenaza-en-las-Costas-Peseta-JRC-1024x768.jpg 1024w, https:\/\/agridataera.org\/wp-content\/uploads\/2024\/11\/Amenaza-en-las-Costas-Peseta-JRC-300x225.jpg 300w, https:\/\/agridataera.org\/wp-content\/uploads\/2024\/11\/Amenaza-en-las-Costas-Peseta-JRC-768x576.jpg 768w, https:\/\/agridataera.org\/wp-content\/uploads\/2024\/11\/Amenaza-en-las-Costas-Peseta-JRC-676x507.jpg 676w, https:\/\/agridataera.org\/wp-content\/uploads\/2024\/11\/Amenaza-en-las-Costas-Peseta-JRC.jpg 1058w\" sizes=\"auto, (max-width: 1024px) 100vw, 1024px\" \/><\/figure>\n\n\n\n<p><\/p>\n\n\n\n<h2 class=\"wp-block-heading\">Impacto de un aumento de la escasez de agua<\/h2>\n\n\n\n<figure class=\"wp-block-image size-large\"><img loading=\"lazy\" decoding=\"async\" width=\"1024\" height=\"768\" src=\"http:\/\/agridataera.org\/wp-content\/uploads\/2024\/11\/Escasez-de-Agua-Peseta-JRC-1024x768.jpg\" alt=\"\" class=\"wp-image-412\" srcset=\"https:\/\/agridataera.org\/wp-content\/uploads\/2024\/11\/Escasez-de-Agua-Peseta-JRC-1024x768.jpg 1024w, https:\/\/agridataera.org\/wp-content\/uploads\/2024\/11\/Escasez-de-Agua-Peseta-JRC-300x225.jpg 300w, https:\/\/agridataera.org\/wp-content\/uploads\/2024\/11\/Escasez-de-Agua-Peseta-JRC-768x576.jpg 768w, https:\/\/agridataera.org\/wp-content\/uploads\/2024\/11\/Escasez-de-Agua-Peseta-JRC-676x507.jpg 676w, https:\/\/agridataera.org\/wp-content\/uploads\/2024\/11\/Escasez-de-Agua-Peseta-JRC.jpg 1058w\" sizes=\"auto, (max-width: 1024px) 100vw, 1024px\" \/><\/figure>\n\n\n\n<p><\/p>\n\n\n\n<h2 class=\"wp-block-heading\">Aumento de fallecimientos por calor o fr\u00edo extremo<\/h2>\n\n\n\n<figure class=\"wp-block-image size-full\"><img loading=\"lazy\" decoding=\"async\" width=\"910\" height=\"640\" src=\"http:\/\/agridataera.org\/wp-content\/uploads\/2024\/11\/Mortalidad-por-Calor-y-Frio-Extremo.jpg\" alt=\"\" class=\"wp-image-424\" srcset=\"https:\/\/agridataera.org\/wp-content\/uploads\/2024\/11\/Mortalidad-por-Calor-y-Frio-Extremo.jpg 910w, https:\/\/agridataera.org\/wp-content\/uploads\/2024\/11\/Mortalidad-por-Calor-y-Frio-Extremo-300x211.jpg 300w, https:\/\/agridataera.org\/wp-content\/uploads\/2024\/11\/Mortalidad-por-Calor-y-Frio-Extremo-768x540.jpg 768w, https:\/\/agridataera.org\/wp-content\/uploads\/2024\/11\/Mortalidad-por-Calor-y-Frio-Extremo-676x475.jpg 676w\" sizes=\"auto, (max-width: 910px) 100vw, 910px\" \/><\/figure>\n\n\n\n<p><\/p>\n\n\n\n<h2 class=\"wp-block-heading\">El Sur de Europa, sustancialmente m\u00e1s vulnerable al Cambio Clim\u00e1tico<\/h2>\n\n\n\n<figure class=\"wp-block-image size-large\"><img loading=\"lazy\" decoding=\"async\" width=\"1024\" height=\"768\" src=\"http:\/\/agridataera.org\/wp-content\/uploads\/2024\/11\/Vulnerabilidad-del-Sur-de-Europa-Peseta-JRC-1024x768.jpg\" alt=\"\" class=\"wp-image-417\" srcset=\"https:\/\/agridataera.org\/wp-content\/uploads\/2024\/11\/Vulnerabilidad-del-Sur-de-Europa-Peseta-JRC-1024x768.jpg 1024w, https:\/\/agridataera.org\/wp-content\/uploads\/2024\/11\/Vulnerabilidad-del-Sur-de-Europa-Peseta-JRC-300x225.jpg 300w, https:\/\/agridataera.org\/wp-content\/uploads\/2024\/11\/Vulnerabilidad-del-Sur-de-Europa-Peseta-JRC-768x576.jpg 768w, https:\/\/agridataera.org\/wp-content\/uploads\/2024\/11\/Vulnerabilidad-del-Sur-de-Europa-Peseta-JRC-676x507.jpg 676w, https:\/\/agridataera.org\/wp-content\/uploads\/2024\/11\/Vulnerabilidad-del-Sur-de-Europa-Peseta-JRC.jpg 1058w\" sizes=\"auto, (max-width: 1024px) 100vw, 1024px\" \/><\/figure>\n\n\n\n<p>Informaci\u00f3n m\u00e1s detallada puede obtenerse en <a href=\"https:\/\/joint-research-centre.ec.europa.eu\/scientific-activities-z\/peseta-climate-change-projects\/jrc-peseta-iv_en\">este enlace<\/a>.<\/p>\n\n\n\n<p><\/p>\n","protected":false},"excerpt":{"rendered":"<p>El Responsable del Proyecto sobre el Cambio Clim\u00e1tico del Centro Conjunto de Investigaci\u00f3n (JRC) de la Comisi\u00f3n Europea, D. Juan Carlos Ciscar, present\u00f3 los resultados del proyecto PESETA en las IV Jornadas ScienCity (2021). El Proyecto PESETA, del JRC de la Comisi\u00f3n Europea, tiene como objetivo la estimaci\u00f3n del impacto del Cambio Clim\u00e1tico en Europa. [&hellip;]<\/p>\n","protected":false},"author":1,"featured_media":0,"parent":0,"menu_order":0,"comment_status":"closed","ping_status":"closed","template":"","meta":{"footnotes":""},"class_list":["post-408","page","type-page","status-publish","hentry","post-preview"],"_links":{"self":[{"href":"https:\/\/agridataera.org\/index.php\/wp-json\/wp\/v2\/pages\/408","targetHints":{"allow":["GET"]}}],"collection":[{"href":"https:\/\/agridataera.org\/index.php\/wp-json\/wp\/v2\/pages"}],"about":[{"href":"https:\/\/agridataera.org\/index.php\/wp-json\/wp\/v2\/types\/page"}],"author":[{"embeddable":true,"href":"https:\/\/agridataera.org\/index.php\/wp-json\/wp\/v2\/users\/1"}],"replies":[{"embeddable":true,"href":"https:\/\/agridataera.org\/index.php\/wp-json\/wp\/v2\/comments?post=408"}],"version-history":[{"count":16,"href":"https:\/\/agridataera.org\/index.php\/wp-json\/wp\/v2\/pages\/408\/revisions"}],"predecessor-version":[{"id":454,"href":"https:\/\/agridataera.org\/index.php\/wp-json\/wp\/v2\/pages\/408\/revisions\/454"}],"wp:attachment":[{"href":"https:\/\/agridataera.org\/index.php\/wp-json\/wp\/v2\/media?parent=408"}],"curies":[{"name":"wp","href":"https:\/\/api.w.org\/{rel}","templated":true}]}}