{"id":387,"date":"2024-11-03T14:06:07","date_gmt":"2024-11-03T14:06:07","guid":{"rendered":"https:\/\/agridataera.org\/?page_id=387"},"modified":"2024-11-08T15:27:57","modified_gmt":"2024-11-08T15:27:57","slug":"resumen-evento-2024","status":"publish","type":"page","link":"https:\/\/agridataera.org\/index.php\/resumen-evento-2024\/","title":{"rendered":"2024 &#8211; Resumen (Cambio y Sostenibilidad)"},"content":{"rendered":"\n<h2 class=\"wp-block-heading\" id=\"block-a138e59c-b29e-45b2-be0d-72069f4561e8\"><strong>Bienvenida Institucional<\/strong><\/h2>\n\n\n\n<figure class=\"wp-block-image size-large is-resized\"><img loading=\"lazy\" decoding=\"async\" width=\"1024\" height=\"765\" src=\"https:\/\/agridataera.org\/wp-content\/uploads\/2024\/11\/1.-WhatsApp-Image-2024-10-31-at-09.41.36-1024x765.jpeg\" alt=\"\" class=\"wp-image-496\" style=\"width:675px;height:auto\" srcset=\"https:\/\/agridataera.org\/wp-content\/uploads\/2024\/11\/1.-WhatsApp-Image-2024-10-31-at-09.41.36-1024x765.jpeg 1024w, https:\/\/agridataera.org\/wp-content\/uploads\/2024\/11\/1.-WhatsApp-Image-2024-10-31-at-09.41.36-300x224.jpeg 300w, https:\/\/agridataera.org\/wp-content\/uploads\/2024\/11\/1.-WhatsApp-Image-2024-10-31-at-09.41.36-768x574.jpeg 768w, https:\/\/agridataera.org\/wp-content\/uploads\/2024\/11\/1.-WhatsApp-Image-2024-10-31-at-09.41.36-1536x1148.jpeg 1536w, https:\/\/agridataera.org\/wp-content\/uploads\/2024\/11\/1.-WhatsApp-Image-2024-10-31-at-09.41.36-676x505.jpeg 676w, https:\/\/agridataera.org\/wp-content\/uploads\/2024\/11\/1.-WhatsApp-Image-2024-10-31-at-09.41.36.jpeg 1600w\" sizes=\"auto, (max-width: 1024px) 100vw, 1024px\" \/><figcaption class=\"wp-element-caption\"><strong>D. Julio Volante Padilla<\/strong>, Delegado de Huelva, Colegio Oficial de Ingenieros T\u00e9cnicos y Graduados en Ingenier\u00eda Agr\u00edcola de Andaluc\u00eda Occidental (COITAND).<strong>D. Salvador P\u00e9rez Litr\u00e1n<\/strong>, Director, Escuela T\u00e9cnica Superior de Ingenier\u00eda (ETSI), Universidad de Huelva. <strong>D. \u00c1lvaro Burgos Mazo<\/strong>, Delegado de Huelva, Consejer\u00eda de Agricultura, Pesca, Agua y Desarrollo Rural, Junta de Andaluc\u00eda.<\/figcaption><\/figure>\n\n\n\n<p>D. \u00c1lvaro Burgos, D. Salvador P\u00e9rez y D. Julio Volante abrieron la Jornada dando la bienvenida a los participantes y enfatizando el potencial de la geograf\u00eda onubense en el contexto de los temas tratados en la Jornada.<\/p>\n\n\n\n<h2 class=\"wp-block-heading\"><strong>Resumen de Conclusiones de la Jornada en 2023<\/strong><\/h2>\n\n\n\n<figure class=\"wp-block-image size-large is-resized\"><img loading=\"lazy\" decoding=\"async\" width=\"774\" height=\"1024\" src=\"https:\/\/agridataera.org\/wp-content\/uploads\/2024\/11\/2.-Vicente-Masia-Revision-Jornada-2023-774x1024.jpg\" alt=\"\" class=\"wp-image-497\" style=\"width:674px;height:auto\" srcset=\"https:\/\/agridataera.org\/wp-content\/uploads\/2024\/11\/2.-Vicente-Masia-Revision-Jornada-2023-774x1024.jpg 774w, https:\/\/agridataera.org\/wp-content\/uploads\/2024\/11\/2.-Vicente-Masia-Revision-Jornada-2023-227x300.jpg 227w, https:\/\/agridataera.org\/wp-content\/uploads\/2024\/11\/2.-Vicente-Masia-Revision-Jornada-2023-768x1016.jpg 768w, https:\/\/agridataera.org\/wp-content\/uploads\/2024\/11\/2.-Vicente-Masia-Revision-Jornada-2023-1162x1536.jpg 1162w, https:\/\/agridataera.org\/wp-content\/uploads\/2024\/11\/2.-Vicente-Masia-Revision-Jornada-2023-1549x2048.jpg 1549w, https:\/\/agridataera.org\/wp-content\/uploads\/2024\/11\/2.-Vicente-Masia-Revision-Jornada-2023-676x894.jpg 676w, https:\/\/agridataera.org\/wp-content\/uploads\/2024\/11\/2.-Vicente-Masia-Revision-Jornada-2023-scaled.jpg 1936w\" sizes=\"auto, (max-width: 774px) 100vw, 774px\" \/><figcaption class=\"wp-element-caption\">D. Vicente Mas\u00ed\u00e1 Montalv\u00e1, Vice Delegado de Huelva, Colegio Oficial de Ingenieros T\u00e9cnicos y Graduados en Ingenier\u00eda Agr\u00edcola de Andaluc\u00eda Occidental (COITAND).<\/figcaption><\/figure>\n\n\n\n<p>D. Vicente Mas\u00ed\u00e1, introdujo las presentaciones de la Jornada resumiendo los resultados de la edici\u00f3n de 2023 que constituyen el punto de partida para el programa del 2024  que expuso a continuaci\u00f3n.<\/p>\n\n\n\n<h2 class=\"wp-block-heading\" id=\"block-f176a435-fddf-4a23-a3ab-4750410e8436\"><strong>P<\/strong>resentaciones &#8211; Gesti\u00f3n del Cambio<\/h2>\n\n\n\n<p>La referencia al &#8220;Cambio en el Sector&#8221; se mencion\u00f3 de manera recurrente por los participantes en la edici\u00f3n del 2023. Reconocida la importancia de la &#8220;Gesti\u00f3n de Cambio&#8221; se introdujo en el programa de 2024 un bloque especifico orientado a profundizar en este campo.<\/p>\n\n\n\n<p><strong>Transformaci\u00f3n Digital y Gesti\u00f3n del Cambio. Dimensiones a Gestionar.<\/strong><\/p>\n\n\n\n<figure class=\"wp-block-image size-large is-resized\"><img loading=\"lazy\" decoding=\"async\" width=\"1024\" height=\"617\" src=\"https:\/\/agridataera.org\/wp-content\/uploads\/2024\/11\/3.-Antonio-Gamaje-Gestion-del-Cambio-1024x617.jpg\" alt=\"\" class=\"wp-image-498\" style=\"width:674px;height:auto\" srcset=\"https:\/\/agridataera.org\/wp-content\/uploads\/2024\/11\/3.-Antonio-Gamaje-Gestion-del-Cambio-1024x617.jpg 1024w, https:\/\/agridataera.org\/wp-content\/uploads\/2024\/11\/3.-Antonio-Gamaje-Gestion-del-Cambio-300x181.jpg 300w, https:\/\/agridataera.org\/wp-content\/uploads\/2024\/11\/3.-Antonio-Gamaje-Gestion-del-Cambio-768x463.jpg 768w, https:\/\/agridataera.org\/wp-content\/uploads\/2024\/11\/3.-Antonio-Gamaje-Gestion-del-Cambio-676x407.jpg 676w, https:\/\/agridataera.org\/wp-content\/uploads\/2024\/11\/3.-Antonio-Gamaje-Gestion-del-Cambio.jpg 1355w\" sizes=\"auto, (max-width: 1024px) 100vw, 1024px\" \/><figcaption class=\"wp-element-caption\">D. Antonio Gramage Cornejo, Consultor en Transformaci\u00f3n Digital y Gobierno del Dato, Ingenier\u00eda de Sistemas para la Defensa de Espa\u00f1a (ISDEFE), Miembro del Equipo de Gobierno de la Oficina de Inteligencia Artificial Generativa de Adif, Cofundador de la Comunidad de Inteligencia Artificial IAdif. <\/figcaption><\/figure>\n\n\n\n<p>Frecuentemente la Transformaci\u00f3n Digital se tiende a enfocar exclusivamente desde la perspectiva de la Tecnolog\u00eda. Sin embargo, la presentaci\u00f3n de D. Antonio Gramage resalt\u00f3 que las personas y los procesos son dimensiones adicionales a gestionar, frecuentemente m\u00e1s complejas. El factor humano es clave en el proceso de Transformaci\u00f3n Digital, por lo que la motivaci\u00f3n es fundamental para el cambio. Por otra parte, insisti\u00f3 en que el Dato es un activo clave en la Transformaci\u00f3n Digital siendo la Gesti\u00f3n y el Gobierno del Dato actividades estrat\u00e9gicas.<\/p>\n\n\n\n<p><\/p>\n\n\n\n<p><strong>Gesti\u00f3n del Cambio y Sostenibilidad<\/strong><\/p>\n\n\n\n<figure class=\"wp-block-image size-large is-resized\"><img loading=\"lazy\" decoding=\"async\" width=\"768\" height=\"1024\" src=\"https:\/\/agridataera.org\/wp-content\/uploads\/2024\/11\/4.-Jesus-Bermejo-Gestion-del-Cambio-768x1024.jpg\" alt=\"\" class=\"wp-image-499\" style=\"width:676px;height:auto\" srcset=\"https:\/\/agridataera.org\/wp-content\/uploads\/2024\/11\/4.-Jesus-Bermejo-Gestion-del-Cambio-768x1024.jpg 768w, https:\/\/agridataera.org\/wp-content\/uploads\/2024\/11\/4.-Jesus-Bermejo-Gestion-del-Cambio-225x300.jpg 225w, https:\/\/agridataera.org\/wp-content\/uploads\/2024\/11\/4.-Jesus-Bermejo-Gestion-del-Cambio-1152x1536.jpg 1152w, https:\/\/agridataera.org\/wp-content\/uploads\/2024\/11\/4.-Jesus-Bermejo-Gestion-del-Cambio-676x901.jpg 676w, https:\/\/agridataera.org\/wp-content\/uploads\/2024\/11\/4.-Jesus-Bermejo-Gestion-del-Cambio.jpg 1500w\" sizes=\"auto, (max-width: 768px) 100vw, 768px\" \/><figcaption class=\"wp-element-caption\">D. Jes\u00fas Bermejo Mu\u00f1oz, Secretario AGX-Agricultura 4.0, Asociaci\u00f3n de Apoyo a la Transformaci\u00f3n Digital.<\/figcaption><\/figure>\n\n\n\n<p>Las dimensiones a gestionar en el cambio enlazan con los Objetivos de Desarrollo Sostenible de las Naciones unidas a trav\u00e9s de una<strong> gesti\u00f3n  social y medioambiental responsable<\/strong>. La presentaci\u00f3n reforz\u00f3 el papel de los <strong>Sistemas de Calidad<\/strong> para el Cambio, transmitiendo la importancia del <strong>alineamiento digital de las actividades de I+D+i y una Gesti\u00f3n del Cambio \u00e1gil incentivando la motivaci\u00f3n,  <\/strong>como fuerza impulsora del cambio tras personas y organizaciones, motores del cambio.    <\/p>\n\n\n\n<p>D. Jes\u00fas Bermejo insisti\u00f3 en que al situarse en la base del desarrollo econ\u00f3mico, y por su estrecha relaci\u00f3n con el entorno, la Agricultura es <strong>el sector m\u00e1s relevante bajo la perspectiva de los Objetivos de Desarrollo Sostenible<\/strong> de las Naciones Unidas. <strong>La innovaci\u00f3n en Agricultura, por lo tanto, una prioridad.<\/strong><\/p>\n\n\n\n<p><\/p>\n\n\n\n<p><strong>Digitalizaci\u00f3n de Buenas Pr\u00e1cticas Agr\u00edcolas en los Frutos Rojos en la Provincia de Huelva. Procesos de I+D y Operativos. Caso de Estudio.<\/strong><\/p>\n\n\n\n<figure class=\"wp-block-image size-large is-resized\"><img loading=\"lazy\" decoding=\"async\" width=\"768\" height=\"1024\" src=\"https:\/\/agridataera.org\/wp-content\/uploads\/2024\/11\/5-Pedro-Gavilan-Caso-de-Estudio-768x1024.jpeg\" alt=\"\" class=\"wp-image-500\" style=\"width:676px;height:auto\" srcset=\"https:\/\/agridataera.org\/wp-content\/uploads\/2024\/11\/5-Pedro-Gavilan-Caso-de-Estudio-768x1024.jpeg 768w, https:\/\/agridataera.org\/wp-content\/uploads\/2024\/11\/5-Pedro-Gavilan-Caso-de-Estudio-225x300.jpeg 225w, https:\/\/agridataera.org\/wp-content\/uploads\/2024\/11\/5-Pedro-Gavilan-Caso-de-Estudio-1152x1536.jpeg 1152w, https:\/\/agridataera.org\/wp-content\/uploads\/2024\/11\/5-Pedro-Gavilan-Caso-de-Estudio-676x901.jpeg 676w, https:\/\/agridataera.org\/wp-content\/uploads\/2024\/11\/5-Pedro-Gavilan-Caso-de-Estudio.jpeg 1500w\" sizes=\"auto, (max-width: 768px) 100vw, 768px\" \/><figcaption class=\"wp-element-caption\">D. Pedro Domingo Gavil\u00e1n Zafra, Investigador Titular, \u00c1rea de Recursos Naturales y Forestales, Instituto Andaluz de Investigaci\u00f3n y Formaci\u00f3n Agraria, Pesquera, Alimentaria y de la Producci\u00f3n Ecol\u00f3gica (IFAPA).<\/figcaption><\/figure>\n\n\n\n<p>La presentaci\u00f3n de D. Pedro Gavil\u00e1n se centr\u00f3 en investigaciones recientes mostrando que la <strong>eficiencia del riego<\/strong> podr\u00eda ser&nbsp;mejorada. Por otra parte, refiri\u00f3 al hecho de que por los problemas de <strong>contaminaci\u00f3n por nitratos<\/strong> parte de las tierras destinadas al cultivo de frutos rojos ha sido declarada vulnerable a dicha contaminaci\u00f3n y a la existencia de factores humanos y materiales que dificultan una Transformaci\u00f3n Digital con criterios de sostenibilidad, requiri\u00e9ndose colaboraci\u00f3n para abordar los retos.<\/p>\n\n\n\n<h2 class=\"wp-block-heading\"> Presentaciones &#8211; <strong>M\u00e9tricas de Impacto del Cambio<\/strong><\/h2>\n\n\n\n<p><strong>Huella de Carbono<\/strong><\/p>\n\n\n\n<figure class=\"wp-block-image size-large is-resized\"><img loading=\"lazy\" decoding=\"async\" width=\"1024\" height=\"768\" src=\"https:\/\/agridataera.org\/wp-content\/uploads\/2024\/11\/6-Rocio-Lopez-Huella-Carbono-1024x768.jpeg\" alt=\"\" class=\"wp-image-503\" style=\"width:676px;height:auto\" srcset=\"https:\/\/agridataera.org\/wp-content\/uploads\/2024\/11\/6-Rocio-Lopez-Huella-Carbono-1024x768.jpeg 1024w, https:\/\/agridataera.org\/wp-content\/uploads\/2024\/11\/6-Rocio-Lopez-Huella-Carbono-300x225.jpeg 300w, https:\/\/agridataera.org\/wp-content\/uploads\/2024\/11\/6-Rocio-Lopez-Huella-Carbono-768x576.jpeg 768w, https:\/\/agridataera.org\/wp-content\/uploads\/2024\/11\/6-Rocio-Lopez-Huella-Carbono-1536x1152.jpeg 1536w, https:\/\/agridataera.org\/wp-content\/uploads\/2024\/11\/6-Rocio-Lopez-Huella-Carbono-676x507.jpeg 676w, https:\/\/agridataera.org\/wp-content\/uploads\/2024\/11\/6-Rocio-Lopez-Huella-Carbono.jpeg 2000w\" sizes=\"auto, (max-width: 1024px) 100vw, 1024px\" \/><figcaption class=\"wp-element-caption\">D\u00f1a. Roc\u00edo L\u00f3pez Pic\u00f3n, Jefa del Departamento de Sostenibilidad y Transici\u00f3n Energ\u00e9tica, Autoridad Portuaria de Huelva.<\/figcaption><\/figure>\n\n\n\n<p>D\u00f1a. Roc\u00edo L\u00f3pez presenta la relevancia de la <strong>transici\u00f3n energ\u00e9tica<\/strong> en los puertos como actores de gran relevancia en el transporte de mercanc\u00edas mundial. En particular present\u00f3 los <strong>esfuerzos en la gesti\u00f3n de la Huella de Carbono<\/strong> en el puerto de Huelva y la relevancia de la transici\u00f3n energ\u00e9tica no solo en la operaci\u00f3n, sino, tambi\u00e9n, en la naturaleza de la mercanc\u00edas transportadas, haciendo una menci\u00f3n especial al Valle Andaluz del Nitr\u00f3geno Verde.<\/p>\n\n\n\n<p><strong>Huella H\u00eddrica<\/strong><\/p>\n\n\n\n<figure class=\"wp-block-image size-large is-resized\"><img loading=\"lazy\" decoding=\"async\" width=\"768\" height=\"1024\" src=\"https:\/\/agridataera.org\/wp-content\/uploads\/2024\/11\/7.-Agunstin-Ena-Huella-Hidrica-768x1024.jpeg\" alt=\"\" class=\"wp-image-505\" style=\"width:674px;height:auto\" srcset=\"https:\/\/agridataera.org\/wp-content\/uploads\/2024\/11\/7.-Agunstin-Ena-Huella-Hidrica-768x1024.jpeg 768w, https:\/\/agridataera.org\/wp-content\/uploads\/2024\/11\/7.-Agunstin-Ena-Huella-Hidrica-225x300.jpeg 225w, https:\/\/agridataera.org\/wp-content\/uploads\/2024\/11\/7.-Agunstin-Ena-Huella-Hidrica-1152x1536.jpeg 1152w, https:\/\/agridataera.org\/wp-content\/uploads\/2024\/11\/7.-Agunstin-Ena-Huella-Hidrica-676x901.jpeg 676w, https:\/\/agridataera.org\/wp-content\/uploads\/2024\/11\/7.-Agunstin-Ena-Huella-Hidrica.jpeg 1200w\" sizes=\"auto, (max-width: 768px) 100vw, 768px\" \/><figcaption class=\"wp-element-caption\">D. Agust\u00edn Ena, Asociaci\u00f3n de Comunidades de Regantes de Huelva (Huelva Riega).<\/figcaption><\/figure>\n\n\n\n<p>La huella h\u00eddrica, explic\u00f3 D. Agustin Ena, contempla tanto el&nbsp;<strong>agua<\/strong>&nbsp;<strong>verde<\/strong>, o&nbsp;<strong>agua<\/strong>&nbsp;de lluvia que se acumula en el suelo; el&nbsp;<strong>agua<\/strong>&nbsp;<strong>azul<\/strong>,&nbsp;<strong>agua<\/strong>&nbsp;dulce de r\u00edos, lagos y acu\u00edferos; y el&nbsp;<strong>agua<\/strong>&nbsp;<strong>gris<\/strong>, o contaminada por el hombre.  En el marco del esfuerzo de mejora continua en la gesti\u00f3n del agua profundiz\u00f3 en las actividades del servicio de asistencia al regante existente complementando el asesoramiento t\u00e9cnico a Comunidades de Regantes y otras organizaciones y usuarios individuales, actividades de experimentaci\u00f3n y demostraci\u00f3n de t\u00e9cnicas y manejo del riego, jornadas t\u00e9cnicas sobre presentaci\u00f3n de resultados de investigaci\u00f3n y experimentaci\u00f3n y, por \u00faltimo, formaci\u00f3n en materia de riego para agricultores y t\u00e9cnicos.<\/p>\n\n\n\n<p><\/p>\n\n\n\n<p><strong>Huella de Nitr\u00f3geno e H\u00eddrica en el Cultivo<\/strong><\/p>\n\n\n\n<figure class=\"wp-block-image size-large is-resized\"><img loading=\"lazy\" decoding=\"async\" width=\"768\" height=\"1024\" src=\"https:\/\/agridataera.org\/wp-content\/uploads\/2024\/11\/8-Natividad-Ruiz-Huella-Nitrogeno-e-Hidrica-768x1024.jpeg\" alt=\"\" class=\"wp-image-506\" style=\"width:675px;height:auto\" srcset=\"https:\/\/agridataera.org\/wp-content\/uploads\/2024\/11\/8-Natividad-Ruiz-Huella-Nitrogeno-e-Hidrica-768x1024.jpeg 768w, https:\/\/agridataera.org\/wp-content\/uploads\/2024\/11\/8-Natividad-Ruiz-Huella-Nitrogeno-e-Hidrica-225x300.jpeg 225w, https:\/\/agridataera.org\/wp-content\/uploads\/2024\/11\/8-Natividad-Ruiz-Huella-Nitrogeno-e-Hidrica-1152x1536.jpeg 1152w, https:\/\/agridataera.org\/wp-content\/uploads\/2024\/11\/8-Natividad-Ruiz-Huella-Nitrogeno-e-Hidrica-676x901.jpeg 676w, https:\/\/agridataera.org\/wp-content\/uploads\/2024\/11\/8-Natividad-Ruiz-Huella-Nitrogeno-e-Hidrica.jpeg 1500w\" sizes=\"auto, (max-width: 768px) 100vw, 768px\" \/><figcaption class=\"wp-element-caption\">D\u00f1a Natividad Ruiz Baena, T\u00e9cnico Especialista Titular, \u00c1rea de Recursos Naturales y Forestales. Instituto Andaluz de Investigaci\u00f3n y Formaci\u00f3n Agraria, Pesquera, Alimentaria y de la Producci\u00f3n Ecol\u00f3gica (IFAPA).<\/figcaption><\/figure>\n\n\n\n<p>La presentaci\u00f3n de Natividad Ruiz se centr\u00f3 en la <strong>Huella de Nitr\u00f3geno e H\u00eddrica en el Cultivo de los Frutos Rojos<\/strong>. Present\u00f3 resultados de un trabajo, aun no publicado, con valores reales de medidas de abono nitrogenado entrante y saliente en el sistema para el c\u00e1lculo de la huella de nitr\u00f3geno e h\u00eddrica. La presentaci\u00f3n incluy\u00f3 valores de producci\u00f3n reales a nivel de finca comercial y en ensayos del IFAPA en la finca experimental de &#8220;El Cebollar&#8221;(Moguer).<\/p>\n\n\n\n<p><strong>Huella Social<\/strong><\/p>\n\n\n\n<figure class=\"wp-block-image size-large is-resized\"><img loading=\"lazy\" decoding=\"async\" width=\"768\" height=\"1024\" src=\"https:\/\/agridataera.org\/wp-content\/uploads\/2024\/11\/9-Mieria-Humanes-Huella-Social-768x1024.jpeg\" alt=\"\" class=\"wp-image-507\" style=\"width:675px;height:auto\" srcset=\"https:\/\/agridataera.org\/wp-content\/uploads\/2024\/11\/9-Mieria-Humanes-Huella-Social-768x1024.jpeg 768w, https:\/\/agridataera.org\/wp-content\/uploads\/2024\/11\/9-Mieria-Humanes-Huella-Social-225x300.jpeg 225w, https:\/\/agridataera.org\/wp-content\/uploads\/2024\/11\/9-Mieria-Humanes-Huella-Social-1152x1536.jpeg 1152w, https:\/\/agridataera.org\/wp-content\/uploads\/2024\/11\/9-Mieria-Humanes-Huella-Social-676x901.jpeg 676w, https:\/\/agridataera.org\/wp-content\/uploads\/2024\/11\/9-Mieria-Humanes-Huella-Social.jpeg 1500w\" sizes=\"auto, (max-width: 768px) 100vw, 768px\" \/><figcaption class=\"wp-element-caption\">D\u00f1a. Mireia Humanes, Directora de Comunicaci\u00f3n y Relaciones Institucionales de la Asociaci\u00f3n Interprofesional de Fresas y Frutos Rojos de Andaluc\u00eda (Interfresa).<\/figcaption><\/figure>\n\n\n\n<p>El 62% de la provincia de Huelva es superficie forestal de la que dos terceras partes con gestionadas, siendo la <strong>provincia de Andaluc\u00eda con la mayor superficie de espacios protegidos<\/strong>. La presentaci\u00f3n de Mireia Humanes se centr\u00f3 en la relevancia del <strong>sector agroforestal de Huelva como pilar econ\u00f3mico y social <\/strong>que no solo aporta empleo, sino tambi\u00e9n estabilidad, cohesi\u00f3n social y avances tecnol\u00f3gicos.  Es un sector que ha permitido el crecimiento y la sostenibilidad de comunidades que, de no existir, se habr\u00edan enfrentado serios desaf\u00edos demogr\u00e1ficos y econ\u00f3micos. Los<strong> frutos rojos son un ejemplo claro<\/strong> de c\u00f3mo la econom\u00eda local puede contribuir a la estabilidad y crecimiento sostenible de la provincia.<\/p>\n\n\n\n<p><strong>Huella Ecol\u00f3gica y Biodiversidad en Agricultura Sostenible<\/strong><\/p>\n\n\n\n<figure class=\"wp-block-image size-large is-resized\"><img loading=\"lazy\" decoding=\"async\" width=\"766\" height=\"1024\" src=\"https:\/\/agridataera.org\/wp-content\/uploads\/2024\/11\/10-Alexandra-Nauddit-Huella-Ecologica-766x1024.jpeg\" alt=\"\" class=\"wp-image-508\" style=\"width:675px;height:auto\" srcset=\"https:\/\/agridataera.org\/wp-content\/uploads\/2024\/11\/10-Alexandra-Nauddit-Huella-Ecologica-766x1024.jpeg 766w, https:\/\/agridataera.org\/wp-content\/uploads\/2024\/11\/10-Alexandra-Nauddit-Huella-Ecologica-224x300.jpeg 224w, https:\/\/agridataera.org\/wp-content\/uploads\/2024\/11\/10-Alexandra-Nauddit-Huella-Ecologica-768x1027.jpeg 768w, https:\/\/agridataera.org\/wp-content\/uploads\/2024\/11\/10-Alexandra-Nauddit-Huella-Ecologica-1149x1536.jpeg 1149w, https:\/\/agridataera.org\/wp-content\/uploads\/2024\/11\/10-Alexandra-Nauddit-Huella-Ecologica-1532x2048.jpeg 1532w, https:\/\/agridataera.org\/wp-content\/uploads\/2024\/11\/10-Alexandra-Nauddit-Huella-Ecologica-676x904.jpeg 676w, https:\/\/agridataera.org\/wp-content\/uploads\/2024\/11\/10-Alexandra-Nauddit-Huella-Ecologica-scaled.jpeg 1915w\" sizes=\"auto, (max-width: 766px) 100vw, 766px\" \/><figcaption class=\"wp-element-caption\">D\u00f1a Alexandra Nauditt, Universidad T\u00e9cnica de Ciencias Aplicadas de Colonia (ITT) Alemania.<\/figcaption><\/figure>\n\n\n\n<p>La presentaci\u00f3n de Alexandra Nauditt se centr\u00f3 en los trabajos en curso en la finca Jelanisol-Montebello, en Gibrale\u00f3n, fundada a principios de los 90 por Friedrich Lehmann, siendo una de las pocas fincas de permacultura que produce frutos en 50 hect\u00e1reas. Por esta raz\u00f3n, puede considerarse un ejemplo \u00fanico. Sin embargo, los <strong>argumentos convincentes para aplicar tales medidas s\u00f3lo pueden basarse en pruebas cuantitativas<\/strong> sobre los beneficios de la permacultura en relaci\u00f3n con la retenci\u00f3n de la humedad del suelo, la mejora del microclima, la fertilidad del suelo, la biodiversidad, la calidad y el sabor de la fruta. Los trabajos en curso tienen como objetivo el cuantificar el impacto de estas pr\u00e1cticas.<\/p>\n\n\n\n<h2 class=\"wp-block-heading\"><strong>M<\/strong>esa Redonda<\/h2>\n\n\n\n<figure class=\"wp-block-image size-large\"><img loading=\"lazy\" decoding=\"async\" width=\"1024\" height=\"551\" src=\"https:\/\/agridataera.org\/wp-content\/uploads\/2024\/11\/11.-Mesa-Redonda-1024x551.jpg\" alt=\"\" class=\"wp-image-509\" srcset=\"https:\/\/agridataera.org\/wp-content\/uploads\/2024\/11\/11.-Mesa-Redonda-1024x551.jpg 1024w, https:\/\/agridataera.org\/wp-content\/uploads\/2024\/11\/11.-Mesa-Redonda-300x161.jpg 300w, https:\/\/agridataera.org\/wp-content\/uploads\/2024\/11\/11.-Mesa-Redonda-768x413.jpg 768w, https:\/\/agridataera.org\/wp-content\/uploads\/2024\/11\/11.-Mesa-Redonda-1536x826.jpg 1536w, https:\/\/agridataera.org\/wp-content\/uploads\/2024\/11\/11.-Mesa-Redonda-676x364.jpg 676w, https:\/\/agridataera.org\/wp-content\/uploads\/2024\/11\/11.-Mesa-Redonda.jpg 1859w\" sizes=\"auto, (max-width: 1024px) 100vw, 1024px\" \/><figcaption class=\"wp-element-caption\">D. Atanasio F. Albarrac\u00edn, Responsable del \u00c1rea T\u00e9cnica de la Comunidad de Regantes de Palos de la Frontera, D. Luis Miranda, Responsable de la Finca Experimental &#8220;El Cebollar&#8221;, Instituto Andaluz de Investigaci\u00f3n y Formaci\u00f3n Agraria, Pesquera, Alimentaria y de la Producci\u00f3n Ecol\u00f3gica (IFAPA), D\u00f1a Alexandra Nauditt, Universidad T\u00e9cnica de Ciencias Aplicadas de Colonia (ITT) , D. Manuel Infante Escudero, Presidente del Consejo Regulador de la Denominaci\u00f3n de Origen Condado de Huelva, D.Juan Manuel Bernal, Gerente, Asociaci\u00f3n de Citricultores de la Provincia de Huelva. <em>Moderadora<\/em>: D\u00f1a. Gloria L\u00f3pez Pantoja, Directora del Departamento de Ciencias Agroforestales, Universidad de Huelva.<\/figcaption><\/figure>\n\n\n\n<p>La mesa redonda proporcion\u00f3 la oportunidad de una animada e interesante interacci\u00f3n entre los participantes poniendo de manifiesto un amplio abanico de escenarios incluyendo desde actores locales a fondos de inversi\u00f3n internacionales con inter\u00e9s en el Sector. En el caso de la asociaci\u00f3n de C\u00edtricos, por ejemplo, existe un amplio abanico de perfiles entre sus miembros, desde la mayor finca de Europa a explotaciones peque\u00f1as con muy distintos niveles de tecnificaci\u00f3n.<\/p>\n\n\n\n<h2 class=\"wp-block-heading\"><strong>C<\/strong>onclusiones<\/h2>\n\n\n\n<figure class=\"wp-block-image size-large is-resized\"><img loading=\"lazy\" decoding=\"async\" width=\"1024\" height=\"833\" src=\"https:\/\/agridataera.org\/wp-content\/uploads\/2024\/11\/12-Vicente-Masia-Conclusiones-1024x833.jpg\" alt=\"\" class=\"wp-image-510\" style=\"width:675px;height:auto\" srcset=\"https:\/\/agridataera.org\/wp-content\/uploads\/2024\/11\/12-Vicente-Masia-Conclusiones-1024x833.jpg 1024w, https:\/\/agridataera.org\/wp-content\/uploads\/2024\/11\/12-Vicente-Masia-Conclusiones-300x244.jpg 300w, https:\/\/agridataera.org\/wp-content\/uploads\/2024\/11\/12-Vicente-Masia-Conclusiones-768x625.jpg 768w, https:\/\/agridataera.org\/wp-content\/uploads\/2024\/11\/12-Vicente-Masia-Conclusiones-676x550.jpg 676w, https:\/\/agridataera.org\/wp-content\/uploads\/2024\/11\/12-Vicente-Masia-Conclusiones.jpg 1181w\" sizes=\"auto, (max-width: 1024px) 100vw, 1024px\" \/><figcaption class=\"wp-element-caption\">D. Vicente Masi\u00e1, Vice Delegado de Huelva, Colegio Oficial de Ingenieros T\u00e9cnicos y Graduados en Ingenier\u00eda Agr\u00edcola de Andaluc\u00eda Occidental (COITAND)., Presidente Asociaci\u00f3n de Apoyo a la Transformaci\u00f3n Digital del Sector Agrario, AGX-Agricultura 4.0.<br><\/figcaption><\/figure>\n\n\n\n<p>D. Vicente Masi\u00e1 cierra la Jornada resumiendo un conjunto de Conclusiones y transmitiendo la intenci\u00f3n de elaborar un informe similar al realizado en 2023.  Este nuevo informe incorporar\u00eda conclusiones adicionales, resultado del an\u00e1lisis de las distintas ponencias y de las discusiones en la mesa redonda.<\/p>\n\n\n\n<p><\/p>\n","protected":false},"excerpt":{"rendered":"<p>Bienvenida Institucional D. \u00c1lvaro Burgos, D. Salvador P\u00e9rez y D. Julio Volante abrieron la Jornada dando la bienvenida a los participantes y enfatizando el potencial de la geograf\u00eda onubense en el contexto de los temas tratados en la Jornada. Resumen de Conclusiones de la Jornada en 2023 D. Vicente Mas\u00ed\u00e1, introdujo las presentaciones de la [&hellip;]<\/p>\n","protected":false},"author":1,"featured_media":0,"parent":0,"menu_order":0,"comment_status":"closed","ping_status":"closed","template":"","meta":{"footnotes":""},"class_list":["post-387","page","type-page","status-publish","hentry","post-preview"],"_links":{"self":[{"href":"https:\/\/agridataera.org\/index.php\/wp-json\/wp\/v2\/pages\/387","targetHints":{"allow":["GET"]}}],"collection":[{"href":"https:\/\/agridataera.org\/index.php\/wp-json\/wp\/v2\/pages"}],"about":[{"href":"https:\/\/agridataera.org\/index.php\/wp-json\/wp\/v2\/types\/page"}],"author":[{"embeddable":true,"href":"https:\/\/agridataera.org\/index.php\/wp-json\/wp\/v2\/users\/1"}],"replies":[{"embeddable":true,"href":"https:\/\/agridataera.org\/index.php\/wp-json\/wp\/v2\/comments?post=387"}],"version-history":[{"count":57,"href":"https:\/\/agridataera.org\/index.php\/wp-json\/wp\/v2\/pages\/387\/revisions"}],"predecessor-version":[{"id":563,"href":"https:\/\/agridataera.org\/index.php\/wp-json\/wp\/v2\/pages\/387\/revisions\/563"}],"wp:attachment":[{"href":"https:\/\/agridataera.org\/index.php\/wp-json\/wp\/v2\/media?parent=387"}],"curies":[{"name":"wp","href":"https:\/\/api.w.org\/{rel}","templated":true}]}}