{"id":33,"date":"2023-10-01T19:07:06","date_gmt":"2023-10-01T19:07:06","guid":{"rendered":"https:\/\/agridataera.org\/?page_id=33"},"modified":"2023-10-07T22:59:17","modified_gmt":"2023-10-07T22:59:17","slug":"organizadores-y-contacto","status":"publish","type":"page","link":"https:\/\/agridataera.org\/index.php\/organizadores-y-contacto\/","title":{"rendered":"Organizadores-Contacto"},"content":{"rendered":"\n<p>Tras los primeros debates durante el XXV aniversario de la Feria Agr\u00edcola de Lepe en 2016, y diferentes actividades hasta la fecha, las siguientes organizaciones convergen en la organizaci\u00f3n del evento:<\/p>\n\n\n<div class=\"wp-block-image\">\n<figure class=\"aligncenter size-full is-resized\"><img loading=\"lazy\" decoding=\"async\" src=\"https:\/\/agridataera.org\/wp-content\/uploads\/2023\/10\/AGX-Logo.png\" alt=\"\" class=\"wp-image-110\" style=\"width:183px;height:113px\" width=\"183\" height=\"113\" srcset=\"https:\/\/agridataera.org\/wp-content\/uploads\/2023\/10\/AGX-Logo.png 613w, https:\/\/agridataera.org\/wp-content\/uploads\/2023\/10\/AGX-Logo-300x186.png 300w\" sizes=\"auto, (max-width: 183px) 100vw, 183px\" \/><figcaption class=\"wp-element-caption\">Asociaci\u00f3n de Apoyo a la Transformaci\u00f3n Digital del Sector Agr\u00edcola (AGX-Agricultura 4.0)<\/figcaption><\/figure>\n<\/div>\n\n<div class=\"wp-block-image\">\n<figure class=\"aligncenter size-full is-resized\"><img loading=\"lazy\" decoding=\"async\" src=\"http:\/\/agridataera.org\/wp-content\/uploads\/2023\/10\/Coitand-Logo-1.png\" alt=\"\" class=\"wp-image-133\" style=\"width:399px;height:81px\" width=\"399\" height=\"81\" srcset=\"https:\/\/agridataera.org\/wp-content\/uploads\/2023\/10\/Coitand-Logo-1.png 417w, https:\/\/agridataera.org\/wp-content\/uploads\/2023\/10\/Coitand-Logo-1-300x60.png 300w\" sizes=\"auto, (max-width: 399px) 100vw, 399px\" \/><figcaption class=\"wp-element-caption\">Colegio Oficial de Ingenieros T\u00e9cnicos Agr\u00edcolas de Andaluc\u00eda Occidental (COITAND) <\/figcaption><\/figure>\n<\/div>\n\n<div class=\"wp-block-image\">\n<figure class=\"aligncenter size-full\"><img loading=\"lazy\" decoding=\"async\" width=\"189\" height=\"267\" src=\"https:\/\/agridataera.org\/wp-content\/uploads\/2023\/10\/UHU-Logo.png\" alt=\"\" class=\"wp-image-111\"\/><figcaption class=\"wp-element-caption\">Escuela T\u00e9cnica Superior de Ingenier\u00eda (ETSI). Universidad de Huelva.<\/figcaption><\/figure>\n<\/div>\n\n\n<p><\/p>\n\n\n\n<h2 class=\"wp-block-heading alignwide has-text-align-center\">Contacto<\/h2>\n\n\n<div class=\"wp-block-image\">\n<figure class=\"aligncenter size-full is-resized\"><img loading=\"lazy\" decoding=\"async\" src=\"https:\/\/agridataera.org\/wp-content\/uploads\/2023\/10\/Contacto.png\" alt=\"\" class=\"wp-image-152\" style=\"width:428px;height:38px\" width=\"428\" height=\"38\" srcset=\"https:\/\/agridataera.org\/wp-content\/uploads\/2023\/10\/Contacto.png 687w, https:\/\/agridataera.org\/wp-content\/uploads\/2023\/10\/Contacto-300x27.png 300w, https:\/\/agridataera.org\/wp-content\/uploads\/2023\/10\/Contacto-676x60.png 676w\" sizes=\"auto, (max-width: 428px) 100vw, 428px\" \/><\/figure>\n<\/div>","protected":false},"excerpt":{"rendered":"<p>Tras los primeros debates durante el XXV aniversario de la Feria Agr\u00edcola de Lepe en 2016, y diferentes actividades hasta la fecha, las siguientes organizaciones convergen en la organizaci\u00f3n del evento: Contacto<\/p>\n","protected":false},"author":1,"featured_media":0,"parent":0,"menu_order":0,"comment_status":"closed","ping_status":"closed","template":"","meta":{"footnotes":""},"class_list":["post-33","page","type-page","status-publish","hentry","post-preview"],"_links":{"self":[{"href":"https:\/\/agridataera.org\/index.php\/wp-json\/wp\/v2\/pages\/33","targetHints":{"allow":["GET"]}}],"collection":[{"href":"https:\/\/agridataera.org\/index.php\/wp-json\/wp\/v2\/pages"}],"about":[{"href":"https:\/\/agridataera.org\/index.php\/wp-json\/wp\/v2\/types\/page"}],"author":[{"embeddable":true,"href":"https:\/\/agridataera.org\/index.php\/wp-json\/wp\/v2\/users\/1"}],"replies":[{"embeddable":true,"href":"https:\/\/agridataera.org\/index.php\/wp-json\/wp\/v2\/comments?post=33"}],"version-history":[{"count":19,"href":"https:\/\/agridataera.org\/index.php\/wp-json\/wp\/v2\/pages\/33\/revisions"}],"predecessor-version":[{"id":184,"href":"https:\/\/agridataera.org\/index.php\/wp-json\/wp\/v2\/pages\/33\/revisions\/184"}],"wp:attachment":[{"href":"https:\/\/agridataera.org\/index.php\/wp-json\/wp\/v2\/media?parent=33"}],"curies":[{"name":"wp","href":"https:\/\/api.w.org\/{rel}","templated":true}]}}