{"id":288,"date":"2023-11-12T19:12:03","date_gmt":"2023-11-12T19:12:03","guid":{"rendered":"https:\/\/agridataera.org\/?page_id=288"},"modified":"2024-11-03T14:18:27","modified_gmt":"2024-11-03T14:18:27","slug":"resumen-evento","status":"publish","type":"page","link":"https:\/\/agridataera.org\/index.php\/resumen-evento\/","title":{"rendered":"2023 &#8211; Resumen"},"content":{"rendered":"\n<h2 class=\"wp-block-heading\"><strong>Era del \u00abDato Agro\u00bb y Cadena de Valor<\/strong><\/h2>\n\n\n\n<p>Durante el pasado 8 de Noviembre de 2023, ha tenido lugar en la Escuela T\u00e9cnica Superior de Ingenier\u00eda de la Universidad de Huelva la Jornada <strong>&#8220;Era del \u00abDato Agro\u00bb y Cadena de Valor&#8221;<\/strong>. Dicho evento se enmarc\u00f3 dentro de las VI Jornadas de Sciencity 2023 celebradas en Huelva del 7 al 10 de noviembre organizadas por la Universidad de Huelva, como parte de la semana Espa\u00f1ola de la Ciencia 2023.<\/p>\n\n\n\n<figure class=\"wp-block-image size-large is-resized\"><img loading=\"lazy\" decoding=\"async\" width=\"1024\" height=\"771\" src=\"http:\/\/agridataera.org\/wp-content\/uploads\/2023\/11\/1-Apertura-Institucional-Junta-de-Andalucia-ETSI-Coitand-1024x771.jpeg\" alt=\"\" class=\"wp-image-297\" style=\"width:675px;height:auto\" srcset=\"https:\/\/agridataera.org\/wp-content\/uploads\/2023\/11\/1-Apertura-Institucional-Junta-de-Andalucia-ETSI-Coitand-1024x771.jpeg 1024w, https:\/\/agridataera.org\/wp-content\/uploads\/2023\/11\/1-Apertura-Institucional-Junta-de-Andalucia-ETSI-Coitand-300x226.jpeg 300w, https:\/\/agridataera.org\/wp-content\/uploads\/2023\/11\/1-Apertura-Institucional-Junta-de-Andalucia-ETSI-Coitand-768x578.jpeg 768w, https:\/\/agridataera.org\/wp-content\/uploads\/2023\/11\/1-Apertura-Institucional-Junta-de-Andalucia-ETSI-Coitand-1536x1157.jpeg 1536w, https:\/\/agridataera.org\/wp-content\/uploads\/2023\/11\/1-Apertura-Institucional-Junta-de-Andalucia-ETSI-Coitand-2048x1542.jpeg 2048w, https:\/\/agridataera.org\/wp-content\/uploads\/2023\/11\/1-Apertura-Institucional-Junta-de-Andalucia-ETSI-Coitand-676x509.jpeg 676w\" sizes=\"auto, (max-width: 1024px) 100vw, 1024px\" \/><figcaption class=\"wp-element-caption\"><strong>D. \u00c1lvaro Burgos Mazo<\/strong>, <em>Delegado de Huelva<\/em>. <em>Consejer\u00eda de Agricultura,<\/em> <em>Pesca, Agua y Desarrollo<\/em> <em>Rural, Junta de Andaluc\u00eda<\/em>. <strong>Salvador P\u00e9rez Litr\u00e1n,&nbsp;<\/strong> <em>Director, Escuela T\u00e9cnica Superior de Ingenier\u00eda (ETSI), Universidad de Huelva<\/em>.<strong> Julio Volante Padilla<\/strong>, Delegado de Huelva, Colegio de Ingenieros T\u00e9cnicos Agr\u00edcolas de Andaluc\u00eda Occidental (COITAND)<\/figcaption><\/figure>\n\n\n\n<p>La motivaci\u00f3n de la Jornada responde a la relevancia del debate sobre la <strong>Transformaci\u00f3n Digital, el Dato y la Sostenibilidad<\/strong> entre l\u00edderes del sector agr\u00edcola onubense y de Infraestructuras de transporte y log\u00edstica sostenible.<\/p>\n\n\n\n<p>La apertura de la Jornada fue realizada por <strong>D. \u00c1lvaro Burgos Mazo, Delegado de Huelva de la Consejer\u00eda de Agricultura, Pesca, Agua y Desarrollo Rural<\/strong>, de la Junta de Andaluc\u00eda. <\/p>\n\n\n\n<p>La intervenci\u00f3n del Delegado de Huelva estuvo centrada en la importancia de este tipo de eventos que permitan concienciar al sector onubense en seguir avanzando en su mejora continua, transform\u00e1ndose y adapt\u00e1ndose frente a la competencia, manteniendo el liderazgo en Europa de nuestros productos. As\u00ed mismo, agradeci\u00f3 a Adif y al Puerto de Huelva su presencia y generosidad al compartir sus experiencias con el sector y potenciar la cadena de valor.<\/p>\n\n\n\n<p>Posteriormente intervinieron el <strong>Director de la Escuela T\u00e9cnica Superior de Ingenier\u00eda de la Universidad de Huelva y el Delegado en Huelva del Coitand<\/strong> reforzando el inter\u00e9s del evento.<\/p>\n\n\n\n<h2 class=\"wp-block-heading\">Presentaciones Inspiracionales<\/h2>\n\n\n\n<p>Presentaciones inspiracionales, como elementos de contextualizaci\u00f3n del debate posterior, fueron realizadas por Adif, el Puerto de Huelva y la Asociaci\u00f3n de Apoyo a la Transformaci\u00f3n Digital del Sector Agrario (AGX-Agricultura 4.0).<\/p>\n\n\n\n<figure class=\"wp-block-image size-large\"><img loading=\"lazy\" decoding=\"async\" width=\"768\" height=\"1024\" src=\"https:\/\/agridataera.org\/wp-content\/uploads\/2023\/11\/2-5-Un-Modelo-de-Transformacion-Digital-Adif-768x1024.jpeg\" alt=\"\" class=\"wp-image-331\" srcset=\"https:\/\/agridataera.org\/wp-content\/uploads\/2023\/11\/2-5-Un-Modelo-de-Transformacion-Digital-Adif-768x1024.jpeg 768w, https:\/\/agridataera.org\/wp-content\/uploads\/2023\/11\/2-5-Un-Modelo-de-Transformacion-Digital-Adif-225x300.jpeg 225w, https:\/\/agridataera.org\/wp-content\/uploads\/2023\/11\/2-5-Un-Modelo-de-Transformacion-Digital-Adif-1152x1536.jpeg 1152w, https:\/\/agridataera.org\/wp-content\/uploads\/2023\/11\/2-5-Un-Modelo-de-Transformacion-Digital-Adif-676x901.jpeg 676w, https:\/\/agridataera.org\/wp-content\/uploads\/2023\/11\/2-5-Un-Modelo-de-Transformacion-Digital-Adif.jpeg 1200w\" sizes=\"auto, (max-width: 768px) 100vw, 768px\" \/><figcaption class=\"wp-element-caption\"><em><strong>D. Mario Jos\u00e9 Rodr\u00edguez Cord\u00f3n<\/strong><\/em><br><em>Subdirector del Gobierno de la Transformaci\u00f3n Digital y Estrategia del Dato y CDO del Administrador de Infraestructuras Ferroviarias (Adif)<\/em><\/figcaption><\/figure>\n\n\n\n<p><a><\/a>La intervenci\u00f3n de Adif denominada \u201c<strong>Adif, un Modelo de Transformaci\u00f3n Digital. Ideas y Conceptos Clave de la Transformaci\u00f3n Digital en Adif<\/strong>\u201d, estuvo centrada en la exposici\u00f3n del proceso de Transformaci\u00f3n Digital poni\u00e9ndose de manifiesto, en base a la estrategia elaborada, los aspectos del modelo de gesti\u00f3n, metodol\u00f3gicos y organizativos que se est\u00e1n poniendo en marcha para su digitalizaci\u00f3n, gesti\u00f3n del cambio y gobierno y gesti\u00f3n del dato.<\/p>\n\n\n\n<figure class=\"wp-block-image size-large is-resized\"><img loading=\"lazy\" decoding=\"async\" width=\"1024\" height=\"771\" src=\"http:\/\/agridataera.org\/wp-content\/uploads\/2023\/11\/3-1-Ruta-al-Puerto-Inteligente-Digital-Puerto-de-Huelva-1024x771.jpeg\" alt=\"\" class=\"wp-image-299\" style=\"width:676px;height:auto\" srcset=\"https:\/\/agridataera.org\/wp-content\/uploads\/2023\/11\/3-1-Ruta-al-Puerto-Inteligente-Digital-Puerto-de-Huelva-1024x771.jpeg 1024w, https:\/\/agridataera.org\/wp-content\/uploads\/2023\/11\/3-1-Ruta-al-Puerto-Inteligente-Digital-Puerto-de-Huelva-300x226.jpeg 300w, https:\/\/agridataera.org\/wp-content\/uploads\/2023\/11\/3-1-Ruta-al-Puerto-Inteligente-Digital-Puerto-de-Huelva-768x578.jpeg 768w, https:\/\/agridataera.org\/wp-content\/uploads\/2023\/11\/3-1-Ruta-al-Puerto-Inteligente-Digital-Puerto-de-Huelva-1536x1157.jpeg 1536w, https:\/\/agridataera.org\/wp-content\/uploads\/2023\/11\/3-1-Ruta-al-Puerto-Inteligente-Digital-Puerto-de-Huelva-2048x1542.jpeg 2048w, https:\/\/agridataera.org\/wp-content\/uploads\/2023\/11\/3-1-Ruta-al-Puerto-Inteligente-Digital-Puerto-de-Huelva-676x509.jpeg 676w\" sizes=\"auto, (max-width: 1024px) 100vw, 1024px\" \/><figcaption class=\"wp-element-caption\"><em><strong>D. Manuel Francisco Martinez<\/strong><\/em><br><em>CTO, Autoridad Portuaria de Huelva.<\/em><\/figcaption><\/figure>\n\n\n\n<p>La intervenci\u00f3n del Puerto de Huelva denominada \u201c<strong>Transformaci\u00f3n Digital en el Puerto de Huelva: Ruta al Puerto Inteligente Digital<\/strong>\u201d, estuvo centrada en la exposici\u00f3n de la digitalizaci\u00f3n que se est\u00e1 llevando a cabo, que pone al Dato como centro de su gesti\u00f3n Portuaria. Durante su presentaci\u00f3n, el Puerto de Huelva puso en valor \u201cLa Ruta al Puerto Inteligente Digital\u201d como marco operativo de la Transformaci\u00f3n Digital y \u201cLa Lonja de la Innovaci\u00f3n\u201d como iniciativa orientada al desarrollo de tecnolog\u00edas ad-hoc que se necesiten.<\/p>\n\n\n\n<figure class=\"wp-block-image size-full is-resized\"><img loading=\"lazy\" decoding=\"async\" width=\"919\" height=\"613\" src=\"http:\/\/agridataera.org\/wp-content\/uploads\/2023\/11\/4-La-Agricultura-del-Dato-AGX.jpeg\" alt=\"\" class=\"wp-image-300\" style=\"width:677px;height:auto\" srcset=\"https:\/\/agridataera.org\/wp-content\/uploads\/2023\/11\/4-La-Agricultura-del-Dato-AGX.jpeg 919w, https:\/\/agridataera.org\/wp-content\/uploads\/2023\/11\/4-La-Agricultura-del-Dato-AGX-300x200.jpeg 300w, https:\/\/agridataera.org\/wp-content\/uploads\/2023\/11\/4-La-Agricultura-del-Dato-AGX-768x512.jpeg 768w, https:\/\/agridataera.org\/wp-content\/uploads\/2023\/11\/4-La-Agricultura-del-Dato-AGX-676x451.jpeg 676w\" sizes=\"auto, (max-width: 919px) 100vw, 919px\" \/><figcaption class=\"wp-element-caption\"><em><strong>D. Jes\u00fas Bermejo M<\/strong><\/em>u\u00f1oz<br><em>Secretario, Asociaci\u00f3n de Apoyo a la Transformaci\u00f3n Digital del Sector Agrario<\/em> (AGX-Agricultura 4.0)<\/figcaption><\/figure>\n\n\n\n<p>La intervenci\u00f3n de la Asociaci\u00f3n AGX-Agricultura 4.0 denominada \u201c<strong>La Agricultura del Dato<\/strong>\u201d, estuvo centrada en la incorporaci\u00f3n de la Agricultura a los conceptos de Gesti\u00f3n Dirigida por Datos (Data-Driven) frecuente en organizaciones industriales, desplazando el centro de gravedad de la gesti\u00f3n agr\u00edcola convencional a la obtenci\u00f3n, gesti\u00f3n y explotaci\u00f3n del Dato.<\/p>\n\n\n\n<h2 class=\"wp-block-heading\">Mesa Redonda y Encuentros Informales<\/h2>\n\n\n\n<p>La mesa de debate estuvo constituida por un conjunto de invitados representativo de la Agricultura onubense, moderada por la directora del departamento de Ciencias Agroforestales, Gloria Lopez Pantoja.<\/p>\n\n\n\n<figure class=\"wp-block-image size-large\"><img loading=\"lazy\" decoding=\"async\" width=\"1024\" height=\"683\" src=\"http:\/\/agridataera.org\/wp-content\/uploads\/2023\/11\/5-Mesa-Redonda-Sectorial-Onubense-1024x683.jpeg\" alt=\"\" class=\"wp-image-301\" srcset=\"https:\/\/agridataera.org\/wp-content\/uploads\/2023\/11\/5-Mesa-Redonda-Sectorial-Onubense-1024x683.jpeg 1024w, https:\/\/agridataera.org\/wp-content\/uploads\/2023\/11\/5-Mesa-Redonda-Sectorial-Onubense-300x200.jpeg 300w, https:\/\/agridataera.org\/wp-content\/uploads\/2023\/11\/5-Mesa-Redonda-Sectorial-Onubense-768x512.jpeg 768w, https:\/\/agridataera.org\/wp-content\/uploads\/2023\/11\/5-Mesa-Redonda-Sectorial-Onubense-676x451.jpeg 676w, https:\/\/agridataera.org\/wp-content\/uploads\/2023\/11\/5-Mesa-Redonda-Sectorial-Onubense.jpeg 1415w\" sizes=\"auto, (max-width: 1024px) 100vw, 1024px\" \/><figcaption class=\"wp-element-caption\"><strong>D. Jos\u00e9 Mar\u00eda Mar\u00edn Poley<\/strong> (Gerente) Valle del Guadiana. Producci\u00f3n de Aguacates. <strong>D. Juan Antonio Mill\u00e1n Jard\u00f3n<\/strong> (Presidente) Asociaci\u00f3n de Comunidades de Regantes de Huelva (COREHU). <strong>D. Pedro Domingo Gavil\u00e1n Zafra<\/strong> (Investigador Titular) Instituto Andaluz de Investigaci\u00f3n y Formaci\u00f3n Agraria, Pesquera, Alimentaria y de la Producci\u00f3n Ecol\u00f3gica (IFAPA). <strong>D. Rafael Peral<\/strong> (Responsable de Instituciones, Convenios y Colectivos). Caja Rural del Sur. <strong>D. Vicente Masi\u00e1<\/strong> (Organizador del Evento) Colegio de Ingenieros T\u00e9cnicos Agr\u00edcolas de Andaluc\u00eda Occidental (COITAND),<strong> D. Manuel Infante Escudero<\/strong> (Presidente). Consejo Regulador de las Denominaciones de Origen Condado de Huelva. <strong>D. Benito Mouri\u00f1a<\/strong> (Responsable de Sistemas de Informaci\u00f3n). Cuna de Platero (Freshuelva). <strong>Gloria Lopez Pantoja<\/strong> (Moderadora) Directora del Departamento de Ciencias Agroforestales (Universidad de Huelva)<\/figcaption><\/figure>\n\n\n\n<p>Dicha mesa estuvo apoyada por una mesa consultiva compuesta por los participantes en las presentaciones inspiracionales, m\u00e1s un asesor tecnol\u00f3gico, D.Antonio Gramage Cornejo, como experto consultor en Transformaci\u00f3n Digital y Gobierno del Dato de la empresa ISDEFE, que actu\u00f3 como uno de los dinamizadores del debate.<\/p>\n\n\n<div class=\"wp-block-image\">\n<figure class=\"alignleft size-large is-resized\"><img loading=\"lazy\" decoding=\"async\" width=\"1024\" height=\"767\" src=\"http:\/\/agridataera.org\/wp-content\/uploads\/2023\/11\/8-Interacciones-Informales-1024x767.jpg\" alt=\"\" class=\"wp-image-303\" style=\"width:361px;height:auto\" srcset=\"https:\/\/agridataera.org\/wp-content\/uploads\/2023\/11\/8-Interacciones-Informales-1024x767.jpg 1024w, https:\/\/agridataera.org\/wp-content\/uploads\/2023\/11\/8-Interacciones-Informales-300x225.jpg 300w, https:\/\/agridataera.org\/wp-content\/uploads\/2023\/11\/8-Interacciones-Informales-768x575.jpg 768w, https:\/\/agridataera.org\/wp-content\/uploads\/2023\/11\/8-Interacciones-Informales-676x506.jpg 676w, https:\/\/agridataera.org\/wp-content\/uploads\/2023\/11\/8-Interacciones-Informales.jpg 1197w\" sizes=\"auto, (max-width: 1024px) 100vw, 1024px\" \/><figcaption class=\"wp-element-caption\">Reflexiones y di\u00e1logos informales durante la Jornada<\/figcaption><\/figure>\n<\/div>\n\n\n<p>Durante la Jornada se realizaron encuentros informales entre los participantes facilitando la creaci\u00f3n de una atm\u00f3sfera fluida durante el debate. Se pusieron de manifiesto diversos aspectos alrededor de la Transformaci\u00f3n Digital junto a los problemas asociados al sector, tales como la situaci\u00f3n actual de sequ\u00eda, consecuencia del Cambio Clim\u00e1tico, sostenibilidad y regulaci\u00f3n, la competencia desde pa\u00edses con menor coste de mano de obra y desde otras geograf\u00edas donde la digitalizaci\u00f3n de la agricultura es un hecho. As\u00ed mismo, se debatieron otros puntos de vista sobre posibilidades de articular la estrategia de Transformaci\u00f3n Digital  para la mejora continua del sector, gestionar el cambio cultural que esto requiere y la estrategia del dato para consolidar y evolucionar el reconocido saber hacer del sector. Como lectura final, los participantes abogaron por la importancia de la diferenciaci\u00f3n por calidad, potenciando la sostenibilidad que ha caracterizado a la Agricultura local, no solo en el entorno productivo sino en toda la cadena de valor (transporte y log\u00edstica).<\/p>\n\n\n\n<h2 class=\"wp-block-heading\">Cierre de la Jornada<\/h2>\n\n\n<div class=\"wp-block-image\">\n<figure class=\"alignleft size-large is-resized\"><img loading=\"lazy\" decoding=\"async\" width=\"1024\" height=\"681\" src=\"http:\/\/agridataera.org\/wp-content\/uploads\/2023\/11\/6-Cierre-de-la-Jornada-de-Reflexion-y-Dialogo-1024x681.jpeg\" alt=\"\" class=\"wp-image-302\" style=\"width:354px;height:auto\" srcset=\"https:\/\/agridataera.org\/wp-content\/uploads\/2023\/11\/6-Cierre-de-la-Jornada-de-Reflexion-y-Dialogo-1024x681.jpeg 1024w, https:\/\/agridataera.org\/wp-content\/uploads\/2023\/11\/6-Cierre-de-la-Jornada-de-Reflexion-y-Dialogo-300x200.jpeg 300w, https:\/\/agridataera.org\/wp-content\/uploads\/2023\/11\/6-Cierre-de-la-Jornada-de-Reflexion-y-Dialogo-768x511.jpeg 768w, https:\/\/agridataera.org\/wp-content\/uploads\/2023\/11\/6-Cierre-de-la-Jornada-de-Reflexion-y-Dialogo-676x450.jpeg 676w, https:\/\/agridataera.org\/wp-content\/uploads\/2023\/11\/6-Cierre-de-la-Jornada-de-Reflexion-y-Dialogo.jpeg 1368w\" sizes=\"auto, (max-width: 1024px) 100vw, 1024px\" \/><figcaption class=\"wp-element-caption\"><strong>D. Vicente Masi\u00e1 Montalva<\/strong>. Cierre de la Jornada.<\/figcaption><\/figure>\n<\/div>\n\n\n<p>La Jornada fue clausurada por D. Vicente Masi\u00e1 como representante del COITAND y Presidente de la Asociaci\u00f3n de Apoyo a la Transformaci\u00f3n Digital del Sector Agrario, AGX-Agricultura 4.0. Durante su intervenci\u00f3n se indic\u00f3 que como resumen de la Jornada se llevar\u00eda a cabo un informe sobre el desarrollo de la misma y sobre los diversos puntos de vista expresados.<\/p>\n","protected":false},"excerpt":{"rendered":"<p>Era del \u00abDato Agro\u00bb y Cadena de Valor Durante el pasado 8 de Noviembre de 2023, ha tenido lugar en la Escuela T\u00e9cnica Superior de Ingenier\u00eda de la Universidad de Huelva la Jornada &#8220;Era del \u00abDato Agro\u00bb y Cadena de Valor&#8221;. Dicho evento se enmarc\u00f3 dentro de las VI Jornadas de Sciencity 2023 celebradas en [&hellip;]<\/p>\n","protected":false},"author":1,"featured_media":0,"parent":0,"menu_order":0,"comment_status":"closed","ping_status":"closed","template":"","meta":{"footnotes":""},"class_list":["post-288","page","type-page","status-publish","hentry","post-preview"],"_links":{"self":[{"href":"https:\/\/agridataera.org\/index.php\/wp-json\/wp\/v2\/pages\/288","targetHints":{"allow":["GET"]}}],"collection":[{"href":"https:\/\/agridataera.org\/index.php\/wp-json\/wp\/v2\/pages"}],"about":[{"href":"https:\/\/agridataera.org\/index.php\/wp-json\/wp\/v2\/types\/page"}],"author":[{"embeddable":true,"href":"https:\/\/agridataera.org\/index.php\/wp-json\/wp\/v2\/users\/1"}],"replies":[{"embeddable":true,"href":"https:\/\/agridataera.org\/index.php\/wp-json\/wp\/v2\/comments?post=288"}],"version-history":[{"count":40,"href":"https:\/\/agridataera.org\/index.php\/wp-json\/wp\/v2\/pages\/288\/revisions"}],"predecessor-version":[{"id":394,"href":"https:\/\/agridataera.org\/index.php\/wp-json\/wp\/v2\/pages\/288\/revisions\/394"}],"wp:attachment":[{"href":"https:\/\/agridataera.org\/index.php\/wp-json\/wp\/v2\/media?parent=288"}],"curies":[{"name":"wp","href":"https:\/\/api.w.org\/{rel}","templated":true}]}}